{"id":1609,"date":"2018-01-09T14:49:17","date_gmt":"2018-01-09T13:49:17","guid":{"rendered":"https:\/\/spersa.de\/greece-holiday-workshops\/"},"modified":"2020-05-28T15:04:01","modified_gmt":"2020-05-28T13:04:01","slug":"greece-holiday-workshops","status":"publish","type":"page","link":"https:\/\/neu.spersa.de\/en\/greece-holiday-workshops\/","title":{"rendered":"Greece &#8211; Holiday Workshops"},"content":{"rendered":"<h1>HOLIDAY WORKSHOPS IN GREECE<\/h1>\n<p><iframe loading=\"lazy\" src=\"https:\/\/www.youtube.com\/embed\/vaBi9-fD98U\" width=\"700\" height=\"350\" frameborder=\"0\" allowfullscreen=\"allowfullscreen\"><\/iframe><\/p>\n<p>These <strong><a href=\"https:\/\/neu.spersa.de\/en\/events\/category\/holiday-seminars-in-greece\/\">heart-opening and sensual-creative holiday workshops<\/a><\/strong>\u00a0take place in the true to its name located seminar house\u00a0<span style=\"color: #993366;\">The Other Paradise<\/span>\u00a0near Koroni, directly by the sea, on the green peninsula of Peloponnese in the south of Greece.<\/p>\n<p><span lang=\"en\">It is a wonderfully wild and natural paradise and with the magical beauty of the coast and the relaxed atmosphere, it is easy to get back in touch with your original <strong>joy of life<\/strong>.\u00a0<\/span>In a playful way, you will awaken new creative energies.<\/p>\n<h3>Tantra holidays with kayaking and body painting<\/h3>\n<p>You can easily relax at the pristine beach doing nothing\u00a0or enjoy the feeling of <strong>being one with nature<\/strong> while kayaking on the open sea.<\/p>\n<blockquote>\n<p><em>Life has awakened in me and also the love for life.<\/em><br \/>\n<em>Every night I was sitting by the water and talked to the sea, the sky, the stars \u2013 and it works again to smell the rain and hear water.<\/em><br \/>\n<em>Feedback from Daya<\/em><\/p>\n<\/blockquote>\n<p>It&#8217;s a sensual-tantric adventure where you reconnect with your liveliness and joy, which naturally arises when female and male energies meet consciously.<\/p>\n<p>The workshops are for singles and couples who want to <strong>engage in love and awareness in their partnership<\/strong>.<\/p>\n<h3 id=\"tw-target-text\" class=\"tw-data-text tw-ta tw-text-small\" dir=\"ltr\" data-placeholder=\"\u00dcbersetzung\"><span lang=\"en\">Each of the three workshops touches something different in you!<\/span><\/h3>\n<p>There is the possibility of participating in one or more workshops, depending on how long and intense you want to immerse yourself.\u00a0Every single day will bring you closer to yourself\u00a0and a new dimension of alive lightness\u00a0will arise.<\/p>\n<p><a class=\"button\" title=\"All Holiday Workshops in Greece\" href=\"https:\/\/neu.spersa.de\/en\/events\/category\/holiday-seminars-in-greece\">Mehr Info<\/a><\/p>\n<hr \/>\n<h2><a href=\"https:\/\/neu.spersa.de\/en\/events\/category\/holiday-seminars-in-greece\/\">Holiday workshop: Opening to the Heart<\/a><\/h2>\n<figure id=\"attachment_562\" aria-describedby=\"caption-attachment-562\" style=\"width: 257px\" class=\"wp-caption alignleft\"><a href=\"https:\/\/neu.spersa.de\/en\/events\/category\/holiday-seminars-in-greece\/\"><img loading=\"lazy\" decoding=\"async\" class=\"wp-image-562\" src=\"https:\/\/neu.spersa.de\/wp-content\/uploads\/\/18-Greece-Tantric-Ritual-6-13-300x225.jpg\" alt=\"In this heart workshop, we connect to a deeper and more conscious form of love and transform our dependencies in true love-relationships.\" width=\"267\" height=\"200\" srcset=\"https:\/\/neu.spersa.de\/wp-content\/uploads\/18-Greece-Tantric-Ritual-6-13-300x225.jpg 300w, https:\/\/neu.spersa.de\/wp-content\/uploads\/18-Greece-Tantric-Ritual-6-13-195x146.jpg 195w, https:\/\/neu.spersa.de\/wp-content\/uploads\/18-Greece-Tantric-Ritual-6-13-50x38.jpg 50w, https:\/\/neu.spersa.de\/wp-content\/uploads\/18-Greece-Tantric-Ritual-6-13-100x75.jpg 100w, https:\/\/neu.spersa.de\/wp-content\/uploads\/18-Greece-Tantric-Ritual-6-13.jpg 640w\" sizes=\"(max-width: 267px) 100vw, 267px\" \/><\/a><figcaption id=\"caption-attachment-562\" class=\"wp-caption-text\">In this heart workshop, we reconnect to a deeper and more conscious way of love and transform our dependencies in true love-relationships.<\/figcaption><\/figure>\n<h4>3-day basic workshop for singles and couples in Greece<\/h4>\n<p>This holiday workshop is the foundation for opening our hearts.<\/p>\n<p>You will understand your conditioned patterns of how you love and want to be loved, and in which way this can lead to dependency in relationships.<\/p>\n<p>This holiday workshop is the key to turning neediness into a more conscious form of love and bringing a quality of gratitude to our love relationships.<\/p>\n<h3>Moving from the head to the heart<\/h3>\n<p>Painful patterns of your love can dissolve and you reconnect with your joy of life.<br \/>\nTrust grows and you learn how love and freedom can enhance each other.<\/p>\n<blockquote>\n<p><em>You and I both have our excuses <br \/>\nfor not opening in love with each other. <br \/>\nStill, both of our hearts yearn to open and commune in love. <\/em><br \/>\n<em>David Deida<\/em><\/p>\n<\/blockquote>\n<p>In this elementary workshop you can connect with the essential qualities of the heart such as acceptance, trust, innocence or joy of life and the deepest longing of the heart to open up.<\/p>\n<p><a class=\"button\" title=\"Information about upcoming Holiday Workshops in Greece\" href=\"https:\/\/neu.spersa.de\/en\/events\/category\/holiday-seminars-in-greece\">Mehr Info<\/a><\/p>\n<hr \/>\n<figure id=\"attachment_5505\" aria-describedby=\"caption-attachment-5505\" style=\"width: 257px\" class=\"wp-caption alignleft\"><a href=\"https:\/\/neu.spersa.de\/en\/events\/category\/holiday-seminars-in-greece\/\"><img loading=\"lazy\" decoding=\"async\" class=\"wp-image-5505\" src=\"https:\/\/neu.spersa.de\/wp-content\/uploads\/\/Celebration-of-Shiva-and-Shakti-1-Greece-1-300x225.jpg\" alt=\"In an attentive tantric atmosphere, a new confidence arises to meet others spontaneously and respectfully with openness.\" width=\"267\" height=\"200\" srcset=\"https:\/\/neu.spersa.de\/wp-content\/uploads\/Celebration-of-Shiva-and-Shakti-1-Greece-1-300x225.jpg 300w, https:\/\/neu.spersa.de\/wp-content\/uploads\/Celebration-of-Shiva-and-Shakti-1-Greece-1-195x146.jpg 195w, https:\/\/neu.spersa.de\/wp-content\/uploads\/Celebration-of-Shiva-and-Shakti-1-Greece-1-50x38.jpg 50w, https:\/\/neu.spersa.de\/wp-content\/uploads\/Celebration-of-Shiva-and-Shakti-1-Greece-1-100x75.jpg 100w, https:\/\/neu.spersa.de\/wp-content\/uploads\/Celebration-of-Shiva-and-Shakti-1-Greece-1.jpg 640w\" sizes=\"(max-width: 267px) 100vw, 267px\" \/><\/a><figcaption id=\"caption-attachment-5505\" class=\"wp-caption-text\">In an attentive tantric atmosphere, a new confidence arises to meet others spontaneously and respectfully with openness.<\/figcaption><\/figure>\n<h2><a href=\"https:\/\/neu.spersa.de\/en\/events\/category\/holiday-seminars-in-greece\/\">Holiday workshop Shiva and Shakti\u00a0 (part<strong>\u00a01)<\/strong><\/a><\/h2>\n<h4>6-day tantric workshop for singles and couples in Greece<\/h4>\n<p>As you connect more deeply with the sensitivity of the heart, you begin to encounter others and your partner out of your true nature.<\/p>\n<p>In a protected space you can invite your senses and sensuality from the heart, while you meet yourself and others\u00a0respectfully with spontaneity and openness.<\/p>\n<h3>Every person has a longing for deep connection<\/h3>\n<p>Yet we avoid intimacy and often are not quite relaxed with it.<\/p>\n<p>In an attentive tantric atmosphere, trust arises and you can gently dissolve subtle blockages and reconnect with your natural, sensual fire energy.<\/p>\n<blockquote>\n<p><em>I will do my best\u00a0to open through my fears <br \/>\nand truly see you, feel you, and bloom you open to God with my love. <br \/>\nWill you meet me in this commitment? <br \/>\nDavid Deida<br \/>\n<\/em><\/p>\n<\/blockquote>\n<p>In a playful way, you learn to meet a partner from your authentic inner space and allow yourself to be touched inside. We support the feminine energy in her liveliness and the male energy in his depth.\u00a0<\/p>\n<p><a class=\"button\" title=\"Information about upcoming Holiday Workshops in Greece\" href=\"https:\/\/neu.spersa.de\/en\/events\/category\/holiday-seminars-in-greece\">Mehr Info<\/a><\/p>\n<hr \/>\n<figure id=\"attachment_3351\" aria-describedby=\"caption-attachment-3351\" style=\"width: 258px\" class=\"wp-caption alignright\"><a href=\"https:\/\/neu.spersa.de\/en\/events\/category\/holiday-seminars-in-greece\/\"><img loading=\"lazy\" decoding=\"async\" class=\"wp-image-3351 size-full\" src=\"https:\/\/neu.spersa.de\/wp-content\/uploads\/Greece-Waterfall-Ritual.jpg\" alt=\"In paradiesischer Natur vertiefst du Liebe und Sinnlichkeit mit tantrischen und schamanischen Ritualen\" width=\"268\" height=\"200\" srcset=\"https:\/\/neu.spersa.de\/wp-content\/uploads\/Greece-Waterfall-Ritual.jpg 268w, https:\/\/neu.spersa.de\/wp-content\/uploads\/Greece-Waterfall-Ritual-196x146.jpg 196w, https:\/\/neu.spersa.de\/wp-content\/uploads\/Greece-Waterfall-Ritual-50x37.jpg 50w, https:\/\/neu.spersa.de\/wp-content\/uploads\/Greece-Waterfall-Ritual-101x75.jpg 101w\" sizes=\"(max-width: 268px) 100vw, 268px\" \/><\/a><figcaption id=\"caption-attachment-3351\" class=\"wp-caption-text\">Deepen the connection of love and sensuality through Tantric-shamanic Rituals in nature\u00a0paradises.<\/figcaption><\/figure>\n<h2><a href=\"https:\/\/neu.spersa.de\/en\/events\/category\/holiday-seminars-in-greece\/\">Holiday workshop Shiva and Shakti (part<strong>\u00a02<\/strong><strong>)<\/strong><\/a><\/h2>\n<h4>6-day tantric workshop for singles and couples in Greece<\/h4>\n<p>In this holiday workshop, you deepen the connection between love and sensuality with the feeling of oneness through Tantric-shamanic Rituals in nature.<\/p>\n<p>The relationship with people you love becomes easier as your fears of love and intimacy gradually dissolve.<\/p>\n<p>You connect with the life-giving energy of nature which supports you to accept your sensual desire and the liveliness of your passion as something natural.<\/p>\n<h3>Feel existence within you and perceive yourself as part of existence!<\/h3>\n<p>Connected to your sensuality, you open yourself to the love in your heart and you will find there acceptance for your own nature. This opens you to the mystery of life and ultimately connects you to the infinity of your being.<\/p>\n<blockquote>\n<p><em>Will you promise to open <br \/>\nand give your love\u00b4s offering as best as you can, <br \/>\neven when you are afraid or hurt? <br \/>\nIf we can each commit to opening, <br \/>\nthere is no limit to how deeply our love can grow <br \/>\nor how fully our gifts may flower.<\/em><br \/>\n<em>David Deida<\/em><\/p>\n<\/blockquote>\n<p>At a waterfall, you will ritually accept yourself as a complete, loving and sensual being in your original naturalness.<\/p>\n<p><a class=\"button\" title=\"Information about upcoming Holiday Workshops in Greece\" href=\"https:\/\/neu.spersa.de\/en\/events\/category\/holiday-seminars-in-greece\">Mehr Info<\/a><\/p>\n<hr \/>\n<h1>Day Trips<\/h1>\n<figure id=\"attachment_2783\" aria-describedby=\"caption-attachment-2783\" style=\"width: 257px\" class=\"wp-caption alignleft\"><a href=\"https:\/\/neu.spersa.de\/en\/events\/category\/holiday-seminars-in-greece\/\"><img loading=\"lazy\" decoding=\"async\" class=\"wp-image-2783 size-full\" src=\"https:\/\/neu.spersa.de\/wp-content\/uploads\/Griechenland.png\" alt=\"Erfrischende Wasserf\u00e4lle, klare Seen, bl\u00fchender Oleander, eine Schmetterlings-H\u00f6hle -- ein Besuch im Naturparadies.\" width=\"267\" height=\"200\" srcset=\"https:\/\/neu.spersa.de\/wp-content\/uploads\/Griechenland.png 267w, https:\/\/neu.spersa.de\/wp-content\/uploads\/Griechenland-195x146.png 195w, https:\/\/neu.spersa.de\/wp-content\/uploads\/Griechenland-50x37.png 50w, https:\/\/neu.spersa.de\/wp-content\/uploads\/Griechenland-100x75.png 100w\" sizes=\"(max-width: 267px) 100vw, 267px\" \/><\/a><figcaption id=\"caption-attachment-2783\" class=\"wp-caption-text\">Refreshing waterfalls, clear lakes, blooming oleander, a butterfly cave \u2013 a visit to a nature paradise.<\/figcaption><\/figure>\n<h2><a href=\"https:\/\/neu.spersa.de\/en\/events\/category\/holiday-seminars-in-greece\/\">Vision Quest Day at the Waterfalls<\/a><\/h2>\n<h4>The waterfalls near Kazarma are a little miracle of nature<\/h4>\n<p>This one-day trip to the Polylimnio Waterfalls near Kazarma is a very special experience for most of the participants.<\/p>\n<p>The waterfalls are a small natural wonder with various refreshing lakes and waterfalls, small gorges and blooming oleander, a butterfly cave, crabs, fish and other small animals.<\/p>\n<p>This natural paradise touches a natural long-forgotten liveliness in us.<\/p>\n<p><a class=\"button\" title=\"Information Vision about Quest at the Waterfalls\" href=\"\/events\/category\/holiday-seminars-in-greece\/\">Mehr Info<\/a><\/p>\n<hr \/>\n<figure id=\"attachment_2993\" aria-describedby=\"caption-attachment-2993\" style=\"width: 257px\" class=\"wp-caption alignleft\"><a href=\"https:\/\/neu.spersa.de\/en\/events\/category\/holiday-seminars-in-greece\/\"><img loading=\"lazy\" decoding=\"async\" class=\"wp-image-2993 size-full\" src=\"https:\/\/neu.spersa.de\/wp-content\/uploads\/Greece-Halfmoon-Beach.jpg\" alt=\"Einer der sch\u00f6nsten Badestr\u00e4nde auf dem Peloponnes mit\u00a0feinem Sandstrand und einer   fantastische Aussicht von Nestor's H\u00f6hle.\" width=\"267\" height=\"200\" srcset=\"https:\/\/neu.spersa.de\/wp-content\/uploads\/Greece-Halfmoon-Beach.jpg 267w, https:\/\/neu.spersa.de\/wp-content\/uploads\/Greece-Halfmoon-Beach-195x146.jpg 195w, https:\/\/neu.spersa.de\/wp-content\/uploads\/Greece-Halfmoon-Beach-50x37.jpg 50w, https:\/\/neu.spersa.de\/wp-content\/uploads\/Greece-Halfmoon-Beach-100x75.jpg 100w\" sizes=\"(max-width: 267px) 100vw, 267px\" \/><\/a><figcaption id=\"caption-attachment-2993\" class=\"wp-caption-text\">One of the most beautiful bathing beaches in the Peloponnese with fine sandy beach and fantastic views from Nestor&#8217;s Cave.<\/figcaption><\/figure>\n<h2><a href=\"https:\/\/neu.spersa.de\/en\/events\/category\/holiday-seminars-in-greece\/\">Vision Quest Day at the Half-moon Beach<\/a><\/h2>\n<h4>One of the most beautiful beaches with fantastic views<\/h4>\n<p>This one-day trip to the crescent-shaped Ochsenbauch Bay is combined with a festive final restaurant visit in the evening.<\/p>\n<p>It is a spectacular surrounding on the Peloponnese with a fine sandy beach. The sides of the bay are closed by two high rocks through which the sea water has paved a way.<\/p>\n<p>On a small mountain we will visit Nestor&#8217;s Cave, from where you have a fantastic view.<\/p>\n<p><a class=\"button\" title=\"Information about Vision Quest at the Half-moon Beach\" href=\"https:\/\/neu.spersa.de\/en\/events\/category\/holiday-seminars-in-greece\">Mehr Info<\/a><\/p>\n","protected":false},"excerpt":{"rendered":"<p>HOLIDAY WORKSHOPS IN GREECE These heart-opening and sensual-creative holiday workshops\u00a0take place in the true to its name located seminar house\u00a0The Other Paradise\u00a0near Koroni, directly by the sea, on the green peninsula of Peloponnese in the south of Greece. It is a wonderfully wild and natural paradise and with the magical beauty of the coast and &#8230; <a title=\"Greece &#8211; Holiday Workshops\" class=\"read-more\" href=\"https:\/\/neu.spersa.de\/en\/greece-holiday-workshops\/\" aria-label=\"Read more about Greece &#8211; Holiday Workshops\">Read more<\/a><\/p>\n","protected":false},"author":2,"featured_media":0,"parent":0,"menu_order":0,"comment_status":"closed","ping_status":"closed","template":"","meta":{"footnotes":""},"yoast_head":"<!-- This site is optimized with the Yoast SEO plugin v22.5 - https:\/\/yoast.com\/wordpress\/plugins\/seo\/ -->\n<title>Greece - Holiday Workshops - Spersa | art of love Seminare<\/title>\n<meta name=\"robots\" content=\"noindex, follow, max-snippet:-1, max-image-preview:large, max-video-preview:-1\" \/>\n<meta property=\"og:locale\" content=\"en_US\" \/>\n<meta property=\"og:type\" content=\"article\" \/>\n<meta property=\"og:title\" content=\"Greece - Holiday Workshops - Spersa | art of love Seminare\" \/>\n<meta property=\"og:description\" content=\"HOLIDAY WORKSHOPS IN GREECE These heart-opening and sensual-creative holiday workshops\u00a0take place in the true to its name located seminar house\u00a0The Other Paradise\u00a0near Koroni, directly by the sea, on the green peninsula of Peloponnese in the south of Greece. It is a wonderfully wild and natural paradise and with the magical beauty of the coast and ... Read more\" \/>\n<meta property=\"og:url\" content=\"https:\/\/neu.spersa.de\/ferienseminar-griechenland\/\" \/>\n<meta property=\"og:site_name\" content=\"Spersa | art of love Seminare\" \/>\n<meta property=\"article:modified_time\" content=\"2020-05-28T13:04:01+00:00\" \/>\n<meta property=\"og:image\" content=\"https:\/\/neu.spersa.de\/wp-content\/uploads\/\/18-Greece-Tantric-Ritual-6-13-300x225.jpg\" \/>\n<meta name=\"twitter:card\" content=\"summary_large_image\" \/>\n<meta name=\"twitter:label1\" content=\"Est. reading time\" \/>\n\t<meta name=\"twitter:data1\" content=\"5 minutes\" \/>\n<script type=\"application\/ld+json\" class=\"yoast-schema-graph\">{\"@context\":\"https:\/\/schema.org\",\"@graph\":[{\"@type\":\"WebPage\",\"@id\":\"https:\/\/neu.spersa.de\/ferienseminar-griechenland\/\",\"url\":\"https:\/\/neu.spersa.de\/ferienseminar-griechenland\/\",\"name\":\"Greece - Holiday Workshops - Spersa | art of love Seminare\",\"isPartOf\":{\"@id\":\"https:\/\/neu.spersa.de\/#website\"},\"primaryImageOfPage\":{\"@id\":\"https:\/\/neu.spersa.de\/ferienseminar-griechenland\/#primaryimage\"},\"image\":{\"@id\":\"https:\/\/neu.spersa.de\/ferienseminar-griechenland\/#primaryimage\"},\"thumbnailUrl\":\"https:\/\/neu.spersa.de\/wp-content\/uploads\/\/18-Greece-Tantric-Ritual-6-13-300x225.jpg\",\"datePublished\":\"2018-01-09T13:49:17+00:00\",\"dateModified\":\"2020-05-28T13:04:01+00:00\",\"breadcrumb\":{\"@id\":\"https:\/\/neu.spersa.de\/ferienseminar-griechenland\/#breadcrumb\"},\"inLanguage\":\"en-US\",\"potentialAction\":[{\"@type\":\"ReadAction\",\"target\":[\"https:\/\/neu.spersa.de\/ferienseminar-griechenland\/\"]}]},{\"@type\":\"ImageObject\",\"inLanguage\":\"en-US\",\"@id\":\"https:\/\/neu.spersa.de\/ferienseminar-griechenland\/#primaryimage\",\"url\":\"https:\/\/neu.spersa.de\/wp-content\/uploads\/\/18-Greece-Tantric-Ritual-6-13-300x225.jpg\",\"contentUrl\":\"https:\/\/neu.spersa.de\/wp-content\/uploads\/\/18-Greece-Tantric-Ritual-6-13-300x225.jpg\"},{\"@type\":\"BreadcrumbList\",\"@id\":\"https:\/\/neu.spersa.de\/ferienseminar-griechenland\/#breadcrumb\",\"itemListElement\":[{\"@type\":\"ListItem\",\"position\":1,\"name\":\"Startseite\",\"item\":\"https:\/\/neu.spersa.de\/\"},{\"@type\":\"ListItem\",\"position\":2,\"name\":\"Greece &#8211; Holiday Workshops\"}]},{\"@type\":\"WebSite\",\"@id\":\"https:\/\/neu.spersa.de\/#website\",\"url\":\"https:\/\/neu.spersa.de\/\",\"name\":\"Spersa | art of love Seminare\",\"description\":\"\",\"publisher\":{\"@id\":\"https:\/\/neu.spersa.de\/#organization\"},\"potentialAction\":[{\"@type\":\"SearchAction\",\"target\":{\"@type\":\"EntryPoint\",\"urlTemplate\":\"https:\/\/neu.spersa.de\/?s={search_term_string}\"},\"query-input\":\"required name=search_term_string\"}],\"inLanguage\":\"en-US\"},{\"@type\":\"Organization\",\"@id\":\"https:\/\/neu.spersa.de\/#organization\",\"name\":\"Spersa | art of love Seminare\",\"url\":\"https:\/\/neu.spersa.de\/\",\"logo\":{\"@type\":\"ImageObject\",\"inLanguage\":\"en-US\",\"@id\":\"https:\/\/neu.spersa.de\/#\/schema\/logo\/image\/\",\"url\":\"https:\/\/neu.spersa.de\/wp-content\/uploads\/artoflove-logo-2023.jpg\",\"contentUrl\":\"https:\/\/neu.spersa.de\/wp-content\/uploads\/artoflove-logo-2023.jpg\",\"width\":1200,\"height\":113,\"caption\":\"Spersa | art of love Seminare\"},\"image\":{\"@id\":\"https:\/\/neu.spersa.de\/#\/schema\/logo\/image\/\"}}]}<\/script>\n<!-- \/ Yoast SEO plugin. -->","yoast_head_json":{"title":"Greece - Holiday Workshops - Spersa | art of love Seminare","robots":{"index":"noindex","follow":"follow","max-snippet":"max-snippet:-1","max-image-preview":"max-image-preview:large","max-video-preview":"max-video-preview:-1"},"og_locale":"en_US","og_type":"article","og_title":"Greece - Holiday Workshops - Spersa | art of love Seminare","og_description":"HOLIDAY WORKSHOPS IN GREECE These heart-opening and sensual-creative holiday workshops\u00a0take place in the true to its name located seminar house\u00a0The Other Paradise\u00a0near Koroni, directly by the sea, on the green peninsula of Peloponnese in the south of Greece. It is a wonderfully wild and natural paradise and with the magical beauty of the coast and ... Read more","og_url":"https:\/\/neu.spersa.de\/ferienseminar-griechenland\/","og_site_name":"Spersa | art of love Seminare","article_modified_time":"2020-05-28T13:04:01+00:00","og_image":[{"url":"https:\/\/neu.spersa.de\/wp-content\/uploads\/\/18-Greece-Tantric-Ritual-6-13-300x225.jpg"}],"twitter_card":"summary_large_image","twitter_misc":{"Est. reading time":"5 minutes"},"schema":{"@context":"https:\/\/schema.org","@graph":[{"@type":"WebPage","@id":"https:\/\/neu.spersa.de\/ferienseminar-griechenland\/","url":"https:\/\/neu.spersa.de\/ferienseminar-griechenland\/","name":"Greece - Holiday Workshops - Spersa | art of love Seminare","isPartOf":{"@id":"https:\/\/neu.spersa.de\/#website"},"primaryImageOfPage":{"@id":"https:\/\/neu.spersa.de\/ferienseminar-griechenland\/#primaryimage"},"image":{"@id":"https:\/\/neu.spersa.de\/ferienseminar-griechenland\/#primaryimage"},"thumbnailUrl":"https:\/\/neu.spersa.de\/wp-content\/uploads\/\/18-Greece-Tantric-Ritual-6-13-300x225.jpg","datePublished":"2018-01-09T13:49:17+00:00","dateModified":"2020-05-28T13:04:01+00:00","breadcrumb":{"@id":"https:\/\/neu.spersa.de\/ferienseminar-griechenland\/#breadcrumb"},"inLanguage":"en-US","potentialAction":[{"@type":"ReadAction","target":["https:\/\/neu.spersa.de\/ferienseminar-griechenland\/"]}]},{"@type":"ImageObject","inLanguage":"en-US","@id":"https:\/\/neu.spersa.de\/ferienseminar-griechenland\/#primaryimage","url":"https:\/\/neu.spersa.de\/wp-content\/uploads\/\/18-Greece-Tantric-Ritual-6-13-300x225.jpg","contentUrl":"https:\/\/neu.spersa.de\/wp-content\/uploads\/\/18-Greece-Tantric-Ritual-6-13-300x225.jpg"},{"@type":"BreadcrumbList","@id":"https:\/\/neu.spersa.de\/ferienseminar-griechenland\/#breadcrumb","itemListElement":[{"@type":"ListItem","position":1,"name":"Startseite","item":"https:\/\/neu.spersa.de\/"},{"@type":"ListItem","position":2,"name":"Greece &#8211; Holiday Workshops"}]},{"@type":"WebSite","@id":"https:\/\/neu.spersa.de\/#website","url":"https:\/\/neu.spersa.de\/","name":"Spersa | art of love Seminare","description":"","publisher":{"@id":"https:\/\/neu.spersa.de\/#organization"},"potentialAction":[{"@type":"SearchAction","target":{"@type":"EntryPoint","urlTemplate":"https:\/\/neu.spersa.de\/?s={search_term_string}"},"query-input":"required name=search_term_string"}],"inLanguage":"en-US"},{"@type":"Organization","@id":"https:\/\/neu.spersa.de\/#organization","name":"Spersa | art of love Seminare","url":"https:\/\/neu.spersa.de\/","logo":{"@type":"ImageObject","inLanguage":"en-US","@id":"https:\/\/neu.spersa.de\/#\/schema\/logo\/image\/","url":"https:\/\/neu.spersa.de\/wp-content\/uploads\/artoflove-logo-2023.jpg","contentUrl":"https:\/\/neu.spersa.de\/wp-content\/uploads\/artoflove-logo-2023.jpg","width":1200,"height":113,"caption":"Spersa | art of love Seminare"},"image":{"@id":"https:\/\/neu.spersa.de\/#\/schema\/logo\/image\/"}}]}},"_links":{"self":[{"href":"https:\/\/neu.spersa.de\/en\/wp-json\/wp\/v2\/pages\/1609"}],"collection":[{"href":"https:\/\/neu.spersa.de\/en\/wp-json\/wp\/v2\/pages"}],"about":[{"href":"https:\/\/neu.spersa.de\/en\/wp-json\/wp\/v2\/types\/page"}],"author":[{"embeddable":true,"href":"https:\/\/neu.spersa.de\/en\/wp-json\/wp\/v2\/users\/2"}],"replies":[{"embeddable":true,"href":"https:\/\/neu.spersa.de\/en\/wp-json\/wp\/v2\/comments?post=1609"}],"version-history":[{"count":3,"href":"https:\/\/neu.spersa.de\/en\/wp-json\/wp\/v2\/pages\/1609\/revisions"}],"predecessor-version":[{"id":11136,"href":"https:\/\/neu.spersa.de\/en\/wp-json\/wp\/v2\/pages\/1609\/revisions\/11136"}],"wp:attachment":[{"href":"https:\/\/neu.spersa.de\/en\/wp-json\/wp\/v2\/media?parent=1609"}],"curies":[{"name":"wp","href":"https:\/\/api.w.org\/{rel}","templated":true}]}}